{"id":7,"date":"2019-03-18T12:12:46","date_gmt":"2019-03-18T11:12:46","guid":{"rendered":"http:\/\/www.e-abitare.it\/?page_id=7"},"modified":"2019-11-07T13:07:13","modified_gmt":"2019-11-07T12:07:13","slug":"home","status":"publish","type":"page","link":"https:\/\/www.e-abitare.it\/","title":{"rendered":"Home"},"content":{"rendered":"\n<p>Classe, stile, eleganza. Benvenuti in Antico Duomo dove tutto rapisce ed affascina. Questa attivit\u00e0, inizia nel 1989 in piazza del Duomo e poi trasferitasi in via Ferrucci 13 a Prato, in tutti questi anni si \u00e8 fatta conoscere ed apprezzare per l&#8217;assortimento prezioso e vario.<br> Ogni desiderio qui pu\u00f2 essere esaudito, ogni sogno realizzato, ogni regalo diventa esclusivo. Non manca davvero niente: mobili, quadri, porcellane, argenti e sheffield del XVIII e XIX secolo si offrono al cliente in tutto il loro splendore.<br> Presente in negozio anche un selezionato settore di bigiotteria americana d&#8217;epoca dagli anni Trenta agli anni Cinquanta.<br> Antico Duomo, oltre alla vendita di antiquariato, propone una particolare linea di arredamento in stile, da personalizzare con finiture e colori scelti dal Cliente. Offre inoltre la possibilt\u00e0 di acquistare il mobile desiderato da colorare. Per case di carattere, arredate con canoni tradizionali, senza tempo, dove il design \u00e8 al primo posto, segli Antico Duomo da sempre sinonimo di storia e tradizione. <\/p>\n","protected":false},"excerpt":{"rendered":"<p>Classe, stile, eleganza. Benvenuti in Antico Duomo dove tutto rapisce ed affascina. Questa attivit\u00e0, inizia nel 1989 in piazza del Duomo e poi trasferitasi in via Ferrucci 13 a Prato, in tutti questi anni si \u00e8 fatta conoscere ed apprezzare<\/p>\n","protected":false},"author":1001,"featured_media":0,"parent":0,"menu_order":0,"comment_status":"closed","ping_status":"closed","template":"","meta":{"footnotes":""},"class_list":["post-7","page","type-page","status-publish","hentry"],"_links":{"self":[{"href":"https:\/\/www.e-abitare.it\/index.php\/wp-json\/wp\/v2\/pages\/7","targetHints":{"allow":["GET"]}}],"collection":[{"href":"https:\/\/www.e-abitare.it\/index.php\/wp-json\/wp\/v2\/pages"}],"about":[{"href":"https:\/\/www.e-abitare.it\/index.php\/wp-json\/wp\/v2\/types\/page"}],"author":[{"embeddable":true,"href":"https:\/\/www.e-abitare.it\/index.php\/wp-json\/wp\/v2\/users\/1001"}],"replies":[{"embeddable":true,"href":"https:\/\/www.e-abitare.it\/index.php\/wp-json\/wp\/v2\/comments?post=7"}],"version-history":[{"count":8,"href":"https:\/\/www.e-abitare.it\/index.php\/wp-json\/wp\/v2\/pages\/7\/revisions"}],"predecessor-version":[{"id":3834,"href":"https:\/\/www.e-abitare.it\/index.php\/wp-json\/wp\/v2\/pages\/7\/revisions\/3834"}],"wp:attachment":[{"href":"https:\/\/www.e-abitare.it\/index.php\/wp-json\/wp\/v2\/media?parent=7"}],"curies":[{"name":"wp","href":"https:\/\/api.w.org\/{rel}","templated":true}]}}