{"id":1024,"date":"2019-03-24T10:23:12","date_gmt":"2019-03-24T09:23:12","guid":{"rendered":"http:\/\/www.e-abitare.it\/?page_id=1024"},"modified":"2022-11-04T18:46:40","modified_gmt":"2022-11-04T17:46:40","slug":"mobili-da-bagno","status":"publish","type":"page","link":"https:\/\/www.e-abitare.it\/index.php\/mobili-da-bagno\/","title":{"rendered":"Mobili da bagno"},"content":{"rendered":"\n<h2 class=\"has-text-align-center wp-block-heading\">Tutti gli articoli sono acquistabili al grezzo oppure con colori personalizzati<\/h2>\n\n\n\n<div class=\"wp-block-media-text alignwide is-stacked-on-mobile\" style=\"grid-template-columns:38% auto\"><figure class=\"wp-block-media-text__media\"><img loading=\"lazy\" decoding=\"async\" width=\"249\" height=\"255\" src=\"https:\/\/www.e-abitare.it\/wp-content\/uploads\/2019\/05\/b-120.jpg\" alt=\"\" class=\"wp-image-3452 size-full\"\/><\/figure><div class=\"wp-block-media-text__content\">\n<p class=\"has-text-align-center has-black-color has-cyan-bluish-gray-background-color has-text-color has-background has-medium-font-size\"><strong>Com\u00f2 bombato cm 118 tre cassetti<\/strong> <\/p>\n\n\n\n<p class=\"has-text-align-center has-black-color has-text-color\">Com\u00f2 bombato colore acqua marina madreperla lucido &#8211; tre cassetti con maniglie grandi swarovski &#8211; misure: cm 118 x 55 cm h 82 cm &#8211; si pu\u00f2 realizzare con colori a scelta &#8211; disponibile anche da colorare <\/p>\n\n\n\n<p class=\"has-text-align-center has-black-color has-text-color\"><strong>\u20ac 1250,00 <\/strong> (riferimento a foto escluso rubinetto)<\/p>\n<\/div><\/div>\n\n\n\n<div class=\"wp-block-media-text alignwide is-stacked-on-mobile\"><figure class=\"wp-block-media-text__media\"><img loading=\"lazy\" decoding=\"async\" width=\"609\" height=\"433\" src=\"https:\/\/www.e-abitare.it\/wp-content\/uploads\/2019\/05\/162-b.jpg\" alt=\"\" class=\"wp-image-3458 size-full\" srcset=\"https:\/\/www.e-abitare.it\/wp-content\/uploads\/2019\/05\/162-b.jpg 609w, https:\/\/www.e-abitare.it\/wp-content\/uploads\/2019\/05\/162-b-300x213.jpg 300w\" sizes=\"auto, (max-width: 609px) 100vw, 609px\" \/><\/figure><div class=\"wp-block-media-text__content\">\n<p class=\"has-text-align-center has-black-color has-cyan-bluish-gray-background-color has-text-color has-background has-medium-font-size\"><strong>Com\u00f2 bombato sei cassetti<\/strong><\/p>\n\n\n\n<p class=\"has-text-align-center has-black-color has-text-color\">Com\u00f2 Bombato colore acqua marina madreperla lucido &#8211; tre cassetti con maniglie grandi swarovski &#8211; misure: cm 162 x 58 cm h 85 cm &#8211; si pu\u00f2 realizzare con colori a scelta &#8211; disponibile anche da colorare <\/p>\n\n\n\n<p class=\"has-text-align-center has-black-color has-text-color\"><strong>\u20ac 1790,00 <\/strong><br>(riferimento a foto escluso rubinetto)<\/p>\n<\/div><\/div>\n\n\n\n<div class=\"wp-block-media-text alignwide is-stacked-on-mobile\" style=\"grid-template-columns:38% auto\"><figure class=\"wp-block-media-text__media\"><img loading=\"lazy\" decoding=\"async\" width=\"206\" height=\"226\" src=\"https:\/\/www.e-abitare.it\/wp-content\/uploads\/2019\/05\/b-104.jpg\" alt=\"\" class=\"wp-image-3456 size-full\"\/><\/figure><div class=\"wp-block-media-text__content\">\n<p class=\"has-text-align-center has-black-color has-cyan-bluish-gray-background-color has-text-color has-background has-medium-font-size\"><strong>Com\u00f2 bombato a due cassetti<\/strong><\/p>\n\n\n\n<p class=\"has-text-align-center has-black-color has-text-color\">Com\u00f2 Bombato colore tortora madreperla lucido &#8211; due cassetti con maniglie swarovski grandi ad anello &#8211; misure: cm 108 x 55 cm h 82 cm &#8211; si pu\u00f2 realizzare anche con colori a scelta &#8211; disponibile anche da colorare escluso rubinetto e maniglie<\/p>\n\n\n\n<p class=\"has-text-align-center has-black-color has-text-color\"><strong>\u20ac 1100,00  <\/strong>(riferimento a foto escluso rubinetto)<\/p>\n<\/div><\/div>\n\n\n\n<div class=\"wp-block-media-text alignwide is-stacked-on-mobile\" style=\"grid-template-columns:38% auto\"><figure class=\"wp-block-media-text__media\"><img loading=\"lazy\" decoding=\"async\" width=\"200\" height=\"301\" src=\"http:\/\/www.e-abitare.it\/wp-content\/uploads\/2019\/03\/com\u00f2_bagno122.jpg\" alt=\"\" class=\"wp-image-1031 size-full\" srcset=\"https:\/\/www.e-abitare.it\/wp-content\/uploads\/2019\/03\/com\u00f2_bagno122.jpg 200w, https:\/\/www.e-abitare.it\/wp-content\/uploads\/2019\/03\/com\u00f2_bagno122-199x300.jpg 199w\" sizes=\"auto, (max-width: 200px) 100vw, 200px\" \/><\/figure><div class=\"wp-block-media-text__content\">\n<p class=\"has-text-align-center has-black-color has-cyan-bluish-gray-background-color has-text-color has-background has-medium-font-size\"><strong>Com\u00f2 bombato colore noce foto com\u00f2 bagno<\/strong><\/p>\n\n\n\n<p class=\"has-text-align-center has-black-color has-text-color\">Com\u00f2 bombato intagliato a tre cassetti con maniglie classiche brunite &#8211; colore noce &#8211; top in mineralmarmo &#8211; l&#8217;interno \u00e8 gi\u00e0 predisposto per il passaggio dei tubi &#8211; misure: cm 122 x 53 cm h = 87 cm &#8211; si pu\u00f2 realizzare in qualsiasi colore&nbsp;&#8211; specchiera sagomata colore noce &#8211; misure: cm l 92 x 84 h &#8211;&nbsp;euro 280,00<\/p>\n\n\n\n<p class=\"has-text-align-center has-black-color has-text-color\"><strong>\u20ac 1450,00 <\/strong><br>escluso rubinetto<\/p>\n<\/div><\/div>\n\n\n\n<div class=\"wp-block-media-text alignwide is-stacked-on-mobile\" style=\"grid-template-columns:38% auto\"><figure class=\"wp-block-media-text__media\"><img loading=\"lazy\" decoding=\"async\" width=\"200\" height=\"297\" src=\"http:\/\/www.e-abitare.it\/wp-content\/uploads\/2019\/03\/Credenza_bagno122.jpg\" alt=\"\" class=\"wp-image-1033 size-full\"\/><\/figure><div class=\"wp-block-media-text__content\">\n<p class=\"has-text-align-center has-very-light-gray-background-color has-background has-medium-font-size\"><strong>Com\u00f2 bombato colore noce foto com\u00f2 bagno<\/strong><\/p>\n\n\n\n<p class=\"has-black-color has-text-color\">Com\u00f2 bombato a e intagliato a tre cassetti con maniglie classiche brunite &#8211; colore noce &#8211; top in mineralmarmo &#8211; l&#8217;interno \u00e8 gi\u00e0 predisposto per il passaggio dei tubi &#8211; misure: cm 122 x 53 cm h = 87 cm &#8211; si pu\u00f2 realizzare in qualsiasi colore&nbsp;&#8211; specchiera sagomata colore noce &#8211; misure: cm l 92 x 84 cm alta &#8211;&nbsp;<strong>\u20ac 280,00<\/strong><\/p>\n\n\n\n<p class=\"has-text-align-center has-black-color has-text-color\"><strong>\u20ac 1450,00<\/strong><br>escluso rubinetto<\/p>\n<\/div><\/div>\n\n\n\n<div class=\"wp-block-media-text alignwide is-stacked-on-mobile\" style=\"grid-template-columns:38% auto\"><figure class=\"wp-block-media-text__media\"><img loading=\"lazy\" decoding=\"async\" width=\"406\" height=\"703\" src=\"https:\/\/www.e-abitare.it\/wp-content\/uploads\/2019\/05\/sca.jpg\" alt=\"\" class=\"wp-image-3472 size-full\" srcset=\"https:\/\/www.e-abitare.it\/wp-content\/uploads\/2019\/05\/sca.jpg 406w, https:\/\/www.e-abitare.it\/wp-content\/uploads\/2019\/05\/sca-173x300.jpg 173w\" sizes=\"auto, (max-width: 406px) 100vw, 406px\" \/><\/figure><div class=\"wp-block-media-text__content\">\n<p class=\"has-text-align-center has-black-color has-cyan-bluish-gray-background-color has-text-color has-background has-medium-font-size\"><strong>Mobile scantonato<\/strong><\/p>\n\n\n\n<p class=\"has-text-align-center has-black-color has-text-color\">Mobile scantonato a tre cassetti e due ante laterali &#8211; top in mineralmarmo colore noce &#8211; l&#8217;interno \u00e8 gi\u00e0 predisposto per il passaggio dei tubi &#8211; misure: cm 117 x 43 cm h 91 cm &#8211; si pu\u00f2 realizzare in qualsiasi colorazione &#8211; <strong>\u20ac 1040,00<\/strong><\/p>\n\n\n\n<p class=\"has-text-align-center has-black-color has-text-color\">Specchiera dorata a foglia intagliata &#8211; si pu\u00f2 mettere sia orizzontale che verticale &#8211; misure: cm 74 x 94 cm &#8211; disponibile anche argentata al solito prezzo <strong>\u20ac 295,00<\/strong><\/p>\n<\/div><\/div>\n\n\n\n<div class=\"wp-block-media-text alignwide is-stacked-on-mobile\" style=\"grid-template-columns:35% auto\"><figure class=\"wp-block-media-text__media\"><img loading=\"lazy\" decoding=\"async\" width=\"200\" height=\"197\" src=\"http:\/\/www.e-abitare.it\/wp-content\/uploads\/2019\/03\/DSCN9742.jpg\" alt=\"\" class=\"wp-image-1039 size-full\"\/><\/figure><div class=\"wp-block-media-text__content\">\n<p class=\"has-text-align-center has-black-color has-cyan-bluish-gray-background-color has-text-color has-background has-medium-font-size\"><strong>Com\u00f2 bombato predisposto per bagno<\/strong><\/p>\n\n\n\n<p class=\"has-text-align-center has-black-color has-text-color\">Com\u00f2 bombato a due cassetti con pomelli di legno &#8211; colore avorio &#8211; predisposto per lavandino da appoggio con modifiche ai cassetti per il passaggio dei tubi &#8211; ciotola esclusa &#8211; misure: cm 105 x 42 cm h 70 cm &#8211; a richiesta invio foto dell&#8217;interno cassetti &#8211; si pu\u00f2 fare di qualsiasi colore     <\/p>\n<\/div><\/div>\n\n\n\n<div class=\"wp-block-media-text alignwide is-stacked-on-mobile\" style=\"grid-template-columns:35% auto\"><figure class=\"wp-block-media-text__media\"><img loading=\"lazy\" decoding=\"async\" width=\"200\" height=\"264\" src=\"http:\/\/www.e-abitare.it\/wp-content\/uploads\/2019\/03\/mobile_bagno_giorno.jpg\" alt=\"\" class=\"wp-image-1041 size-full\"\/><\/figure><div class=\"wp-block-media-text__content\">\n<p class=\"has-text-align-center has-black-color has-cyan-bluish-gray-background-color has-text-color has-background has-medium-font-size\"><strong>Mobile bagno gambe mosse<\/strong><\/p>\n\n\n\n<p class=\"has-text-align-center has-black-color has-text-color\">Mobile bagno gambe mosse con due cassetti &#8211; colore noce &#8211; si pu\u00f2 realizzare in qualsiasi colorazione &#8211; top in mineralmarmo &#8211; misure: cm 108 x 50 cm h = 87 cm &#8211; <strong>\u20ac 750,00<\/strong> specchiera colore noce &#8211; misure: cm 109 x h 117 cm &#8211; <strong>\u20ac 280,00<\/strong><\/p>\n<\/div><\/div>\n\n\n\n<div class=\"wp-block-media-text alignwide is-stacked-on-mobile\" style=\"grid-template-columns:34% auto\"><figure class=\"wp-block-media-text__media\"><img loading=\"lazy\" decoding=\"async\" width=\"235\" height=\"239\" src=\"https:\/\/www.e-abitare.it\/wp-content\/uploads\/2019\/05\/kjh.jpg\" alt=\"\" class=\"wp-image-3454 size-full\"\/><\/figure><div class=\"wp-block-media-text__content\">\n<p class=\"has-text-align-center has-black-color has-cyan-bluish-gray-background-color has-text-color has-background has-medium-font-size\"><strong>Mobile bagno stile Luigi XVI<\/strong><\/p>\n\n\n\n<p class=\"has-text-align-center has-black-color has-text-color\">Mobile bagno stile luigi XVI  con due cassetti e due ante &#8211; colore noce &#8211; top in mineralmarmo &#8211; si pu\u00f2 realizzare in qualsiasi colorazione &#8211; misure: cm 108 x 50 cm h = 86 cm &#8211; <strong>\u20ac 740,00<\/strong> specchiera a parte<\/p>\n<\/div><\/div>\n","protected":false},"excerpt":{"rendered":"<p>Tutti gli articoli sono acquistabili al grezzo oppure con colori personalizzati Com\u00f2 bombato cm 118 tre cassetti Com\u00f2 bombato colore acqua marina madreperla lucido &#8211; tre cassetti con maniglie grandi swarovski &#8211; misure: cm 118 x 55 cm h 82<\/p>\n","protected":false},"author":1001,"featured_media":0,"parent":0,"menu_order":0,"comment_status":"closed","ping_status":"closed","template":"","meta":{"footnotes":""},"class_list":["post-1024","page","type-page","status-publish","hentry"],"_links":{"self":[{"href":"https:\/\/www.e-abitare.it\/index.php\/wp-json\/wp\/v2\/pages\/1024","targetHints":{"allow":["GET"]}}],"collection":[{"href":"https:\/\/www.e-abitare.it\/index.php\/wp-json\/wp\/v2\/pages"}],"about":[{"href":"https:\/\/www.e-abitare.it\/index.php\/wp-json\/wp\/v2\/types\/page"}],"author":[{"embeddable":true,"href":"https:\/\/www.e-abitare.it\/index.php\/wp-json\/wp\/v2\/users\/1001"}],"replies":[{"embeddable":true,"href":"https:\/\/www.e-abitare.it\/index.php\/wp-json\/wp\/v2\/comments?post=1024"}],"version-history":[{"count":30,"href":"https:\/\/www.e-abitare.it\/index.php\/wp-json\/wp\/v2\/pages\/1024\/revisions"}],"predecessor-version":[{"id":6344,"href":"https:\/\/www.e-abitare.it\/index.php\/wp-json\/wp\/v2\/pages\/1024\/revisions\/6344"}],"wp:attachment":[{"href":"https:\/\/www.e-abitare.it\/index.php\/wp-json\/wp\/v2\/media?parent=1024"}],"curies":[{"name":"wp","href":"https:\/\/api.w.org\/{rel}","templated":true}]}}